{"id":466,"date":"2021-03-16T15:34:43","date_gmt":"2021-03-16T15:34:43","guid":{"rendered":"https:\/\/bpsgroup.sk\/cookie-policy\/"},"modified":"2021-06-09T12:24:58","modified_gmt":"2021-06-09T12:24:58","slug":"cookie-policy","status":"publish","type":"page","link":"https:\/\/bpsgroup.sk\/en\/cookie-policy\/","title":{"rendered":"COOKIE POLICY"},"content":{"rendered":"<ol start=\"1\">\n<li><strong>Identification of controllers<\/strong><\/li>\n<\/ol>\n<p>The companies <strong>BPS Audit, s.r.o., <\/strong>with its registered office at Plyn\u00e1rensk\u00e1 1, 821 09 Bratislava &#8211; Ru\u017einov, company number: 51\u00a0985\u00a0373, registered with the commercial register of the District CourtBratislava I, section: Sro, insert no. 132084\/B (hereinafter as \u201e<strong><em>BPS Audit, s.r.o.<\/em><\/strong>\u201c) and <strong>BPS Tax, s.r.o<\/strong>., with its registered office at Plyn\u00e1rensk\u00e1 1, 821 09 Bratislava \u2013 Ru\u017einov, company number: 51 98\u00a0397, registered with the commercial register of the District Court Bratislava I, section: Sro, insert no. 132135\/B ((hereinafter as \u201e<strong><em>BPS Tax, s.r.o.<\/em><\/strong>\u201c and together with\u00a0<em>BPS Audit, s.r.o. <\/em>as the \u201e<strong><em>Controllers<\/em><\/strong>\u201c) use on their website <a href=\"https:\/\/bpsgroup.sk\">www.bpsgroup.sk<\/a> (hereinafter as \u201c<strong><em>website<\/em><\/strong>\u201d) cookies.<\/p>\n<p>Cookies are small text files which an internet browser may store in your device upon instruction of the website when you visit the website. They serve for ensuring functionality of certain components of website or for example for the websites being able to better record website traffic.<\/p>\n<ol start=\"2\">\n<li><strong>GENERAL INFORMATION about the cookies<\/strong><\/li>\n<\/ol>\n<p>The Controllers use following types of cookies on the website:<\/p>\n<ul>\n<li><strong>necessary cookies<\/strong>, which secure the basic functions of certain components and functions of the website andif the Controllers do not use these types of cookies, some functions of the websites will not work properly,<\/li>\n<li><strong>analytical cookies<\/strong>, which register log statistics, preferencesand activity of visitors on the website,<\/li>\n<li><strong>marketing (retargeting) cookies<\/strong>, which are used for detection of the preferences of visitors of the website and displaying of the relevant advertisements in webbrowsers.<\/li>\n<\/ul>\n<p>According to valid legislation, the Controllersare authorised to save necessary cookies in your device without your consent. <strong>You can turn off the use of the necessary cookies via settings of your web browser<\/strong>. In such a case, some functions of the website might not work properly.<\/p>\n<p>Other types of cookies(analytical, marketing)<strong> are saved in your device only if you grant a consent to the Controllers with its usage via cookie bar located in the lower part of the website when you enter the website. If you do not grant the consent to the Controllers to save analytical and marketing cookies, the Controllers will save only necessary cookies in your device<\/strong>.<\/p>\n<p>You can withdraw a granted consent with the cookie usage or amend the cookies setting via the cookie bar located in the lower part of the website anytime.<\/p>\n<ol start=\"3\">\n<li><strong>Cookies used on the website<\/strong><\/li>\n<\/ol>\n<div class=\"overflow-auto\">\n<table>\n<tbody>\n<tr>\n<td><strong>Type of cookie<\/strong><\/p>\n<p><strong>\u00a0<\/strong><\/td>\n<td><strong>Name<\/strong><\/p>\n<p><strong>\u00a0<\/strong><\/td>\n<td><strong>Purpose<\/strong><\/p>\n<p><strong>\u00a0<\/strong><\/td>\n<td><strong>Service\/website setting the cookie<\/strong><\/p>\n<p><strong>\u00a0<\/strong><\/td>\n<td><strong>\u00a0Expiry date<\/strong><\/td>\n<\/tr>\n<tr>\n<td rowspan=\"14\"><strong>Necessary<\/strong><\/td>\n<td><strong>cookielawinfo-checkbox-necessary<\/strong><\/td>\n<td>Determines whether the user has accepted the cookie consent b ox.<\/td>\n<td>bpsgroup.sk<\/td>\n<td>1 year<\/td>\n<\/tr>\n<tr>\n<td><strong>cookielawinfo-checkbox-non-necessary<\/strong><\/td>\n<td>Determines whether the user has accepted the cookie consent b ox.<\/td>\n<td>bpsgroup.sk\n<\/td>\n<td>1 year<\/td>\n<\/tr>\n<tr>\n<td><strong>t3D<\/strong><\/td>\n<td>This cookie is part of a bundle of cookies which serve the purpose of content delivery and presentation . The cookies keep the correct state of font, blog\/picture sliders, color themes and other website settings.<\/td>\n<td>bpsgroup.sk\n<\/td>\n<td>Persistent (until manual deletion)<\/td>\n<\/tr>\n<tr>\n<td><strong>tADe<\/strong><\/td>\n<td>This cookie is part of a bundle of cookies which serve the purpose of content delivery and presentation . The cookies keep the correct state of font, blog\/picture sliders, color themes and other website settings.<\/td>\n<td>bpsgroup.sk\n<\/td>\n<td>Persistent (until manual deletion)<\/td>\n<\/tr>\n<tr>\n<td><strong>tADu<\/strong><\/td>\n<td>This cookie is part of a bundle of cookies which serve the purpose of content delivery and presentation . The cookies keep the correct state of font, blog\/picture sliders, color themes and other website settings.<\/td>\n<td>bpsgroup.sk\n<\/td>\n<td>Persistent (until manual deletion)<\/td>\n<\/tr>\n<tr>\n<td><strong>tAE<\/strong><\/td>\n<td>This cookie is part of a bundle of cookies which serve the purpose of content delivery and presentation . The cookies keep the correct state of font, blog\/picture sliders, colour themes and other website settings.<\/td>\n<td>bpsgroup.sk\n<\/td>\n<td>Persistent (until manual deletion)<\/td>\n<\/tr>\n<tr>\n<td><strong>tC<\/strong><\/td>\n<td>This cookie is part of a bundle of cookies which serve the purpose of content delivery and presentation . The cookies keep the correct state of font, blog\/picture sliders, colour themes and other website settings.<\/td>\n<td>bpsgroup.sk\n<\/td>\n<td>Persistent (until manual deletion)<\/td>\n<\/tr>\n<tr>\n<td><strong>tMQ<\/strong><\/td>\n<td>This cookie is part of a bundle of cookies which serve the purpose of content delivery and presentation . The cookies keep the correct state of font, blog\/picture sliders, colour themes and other website settings.<\/td>\n<td>bpsgroup.sk\n<\/td>\n<td>Persistent (until manual deletion)<\/td>\n<\/tr>\n<tr>\n<td><strong>tnsApp<\/strong><\/td>\n<td>This cookie is part of a bundle of cookies which serve the purpose of content delivery and presentation . The cookies keep the correct state of font, blog\/picture sliders, colour themes and other website settings.<\/td>\n<td>bpsgroup.sk\n<\/td>\n<td>Persistent (until manual deletion)<\/td>\n<\/tr>\n<tr>\n<td><strong>tPL<\/strong><\/td>\n<td>This cookie is part of a bundle of cookies which serve the purpose of content delivery and presentation . The cookies keep the correct state of font, blog\/picture sliders, colour themes and other website settings.<\/td>\n<td>bpsgroup.sk\n<\/td>\n<td>Persistent (until manual deletion)<\/td>\n<\/tr>\n<tr>\n<td><strong>tTDe<\/strong><\/td>\n<td>This cookie is part of a bundle of cookies which serve the purpose of content delivery and presentation . The cookies keep the correct state of font, blog\/picture sliders, colour themes and other website settings.<\/td>\n<td>bpsgroup.sk\n<\/td>\n<td>Persistent (until manual deletion)<\/td>\n<\/tr>\n<tr>\n<td><strong>tTDu<\/strong><\/td>\n<td>This cookie is part of a bundle of cookies which serve the purpose of content delivery and presentation . The cookies keep the correct state of font, blog\/picture sliders, colour themes and other website settings.<\/td>\n<td>bpsgroup.sk\n<\/td>\n<td>Persistent (until manual deletion)<\/td>\n<\/tr>\n<tr>\n<td><strong>tTE<\/strong><\/td>\n<td>This cookie is part of a bundle of cookies which serve the purpose of content delivery and presentation . The cookies keep the correct state of font, blog\/picture sliders, colour themes and other website settings.<\/td>\n<td>bpsgroup.sk\n<\/td>\n<td>Persistent (until manual deletion)<\/td>\n<\/tr>\n<tr>\n<td><strong>tTf<\/strong><\/td>\n<td>This cookie is part of a bundle of cookies which serve the purpose of content delivery and presentation . The cookies keep the correct state of font, blog\/picture sliders, colour themes and other website settings.<\/td>\n<td>bpsgroup.sk\n<\/td>\n<td>Persistent (until manual deletion)<\/td>\n<\/tr>\n<tr>\n<td rowspan=\"3\"><strong>Analytical<\/strong><\/td>\n<td><strong>_ga<\/strong>\n<\/td>\n<td>Registers a unique ID that is used to generate statistics about how a visitor uses the website<\/td>\n<td>bpsgroup.sk<\/td>\n<td>2 years\n<\/td>\n<\/tr>\n<tr>\n<td><strong>_gat<\/strong><\/td>\n<td>Used in Google Analytics to throttle the request rate<\/td>\n<td>bpsgroup.sk<\/td>\n<td>1 day<\/td>\n<\/tr>\n<tr>\n<td><strong>_gid<\/strong><\/td>\n<td>Registers a unique ID that is used to generate statistics about how a visitor uses the website<\/td>\n<td>bpsgroup.sk<\/td>\n<td>1 day<\/td>\n<\/tr>\n<tr>\n<td rowspan=\"12\"><strong>Marketing (retargeting)<\/strong><\/td>\n<td><strong>IDE<\/strong><\/td>\n<td>Used by Google DoubleClick to register and report the website user&#8217;s actions after viewing or clicking one of the advertiser&#8217;s ads with the purpose\u00a0 of measuring the efficacy of an ad and to present targeted ads to the user.<\/td>\n<td>doubleclick.net<\/td>\n<td>1 year<\/td>\n<\/tr>\n<tr>\n<td><strong>test_cookie<\/strong><\/td>\n<td>Used to check if the user&#8217;s browser supports cookies<\/td>\n<td>doubleclick.net<\/td>\n<td>1 day<\/td>\n<\/tr>\n<tr>\n<td><strong>VISITOR_INFO1_LIVE<\/strong><\/td>\n<td>Tries to estimate the users&#8217; band width on pages with integrated YouTube videos.<\/td>\n<td>youtube.com<\/td>\n<td>179 days<\/td>\n<\/tr>\n<tr>\n<td><strong>YSC<\/strong><\/td>\n<td>Registers a unique ID to keep statistics of whatvideos from YouTube the user has seen<\/td>\n<td>youtube.com<\/td>\n<td>Session<\/td>\n<\/tr>\n<tr>\n<td><strong>yt.innertube::nextId<\/strong><\/td>\n<td>Registers a unique ID to keep statistics of what videos from YouTube the user has seen<\/td>\n<td>youtube.com<\/td>\n<td>Persistent (until manual deletion)<\/td>\n<\/tr>\n<tr>\n<td><strong>yt.innertube::requests<\/strong><\/td>\n<td>Registers a unique ID to keep statistics of what videos from YouTube the user has seen<\/td>\n<td>youtube.com<\/td>\n<td>Persistent (until manual deletion)<\/td>\n<\/tr>\n<tr>\n<td><strong>yt-remote-cast-installed<\/strong><\/td>\n<td>Stores the user&#8217;s video player preferences using embedded YouTu be video<\/td>\n<td>youtube.com<\/td>\n<td>Session<\/td>\n<\/tr>\n<tr>\n<td><strong>yt-remote-connected-devices<\/strong><\/td>\n<td>Stores the user&#8217;s video player preferences using embedded YouTu be video<\/td>\n<td>youtube.com<\/td>\n<td>Persistent (until manual deletion)<\/td>\n<\/tr>\n<tr>\n<td><strong>yt-remote-device-id<\/strong><\/td>\n<td>Stores the user&#8217;s video player preferences using embedded YouTu be video<\/td>\n<td>youtube.com<\/td>\n<td>Persistent (until manual deletion)<\/td>\n<\/tr>\n<tr>\n<td><strong>yt-remote-fast-check-period<\/strong><\/td>\n<td>Stores the user&#8217;s video player preferences using embedded YouTu be video<\/td>\n<td>youtube.com<\/td>\n<td>Session<\/td>\n<\/tr>\n<tr>\n<td><strong>yt-remote-session-app<\/strong><\/td>\n<td>Stores the user&#8217;s video player preferences using embedded YouTu be video<\/td>\n<td>youtube.com<\/td>\n<td>Session<\/td>\n<\/tr>\n<tr>\n<td><strong>yt-remote-session-name<\/strong><\/td>\n<td>Stores the user&#8217;s video player preferences using embedded YouTu be video<\/td>\n<td>youtube.com<\/td>\n<td>Session<\/td>\n<\/tr>\n<\/tbody>\n<\/table>\n<\/div>\n<ol start=\"4\">\n<li><strong>Validity<\/strong><\/li>\n<\/ol>\n<p>This Cookie policy is valid and effective as of 1 February 2021.<\/p>\n<p>The Controllers are entitled to update and to change this Cookies policy. In case of the change of this Cookies policy, the Controllers will inform you about it in advance.<\/p>\n","protected":false},"excerpt":{"rendered":"<p>Identification of controllers The companies BPS Audit, s.r.o., with its registered office at Plyn\u00e1rensk\u00e1 1, 821 09 Bratislava &#8211; Ru\u017einov, company number: 51\u00a0985\u00a0373, registered with the commercial register of the District CourtBratislava I, section: Sro, insert no. 132084\/B (hereinafter as \u201eBPS Audit, s.r.o.\u201c) and BPS Tax, s.r.o., with its registered office at Plyn\u00e1rensk\u00e1 1, 821 [&hellip;]<\/p>\n","protected":false},"author":1,"featured_media":0,"parent":0,"menu_order":0,"comment_status":"closed","ping_status":"closed","template":"","meta":{"inline_featured_image":false},"acf":[],"yoast_head":"<!-- This site is optimized with the Yoast SEO plugin v20.7 - https:\/\/yoast.com\/wordpress\/plugins\/seo\/ -->\n<title>COOKIE POLICY | BPS<\/title>\n<meta name=\"robots\" content=\"index, follow, max-snippet:-1, max-image-preview:large, max-video-preview:-1\" \/>\n<link rel=\"canonical\" href=\"https:\/\/bpsgroup.sk\/en\/cookie-policy\/\" \/>\n<meta property=\"og:locale\" content=\"en_US\" \/>\n<meta property=\"og:type\" content=\"article\" \/>\n<meta property=\"og:title\" content=\"COOKIE POLICY | BPS\" \/>\n<meta property=\"og:description\" content=\"Identification of controllers The companies BPS Audit, s.r.o., with its registered office at Plyn\u00e1rensk\u00e1 1, 821 09 Bratislava &#8211; Ru\u017einov, company number: 51\u00a0985\u00a0373, registered with the commercial register of the District CourtBratislava I, section: Sro, insert no. 132084\/B (hereinafter as \u201eBPS Audit, s.r.o.\u201c) and BPS Tax, s.r.o., with its registered office at Plyn\u00e1rensk\u00e1 1, 821 [&hellip;]\" \/>\n<meta property=\"og:url\" content=\"https:\/\/bpsgroup.sk\/en\/cookie-policy\/\" \/>\n<meta property=\"og:site_name\" content=\"BPS\" \/>\n<meta property=\"article:modified_time\" content=\"2021-06-09T12:24:58+00:00\" \/>\n<meta property=\"og:image\" content=\"https:\/\/bpsgroup.sk\/wp-content\/uploads\/2020\/11\/uctovnici-e1605808376268.png\" \/>\n\t<meta property=\"og:image:width\" content=\"389\" \/>\n\t<meta property=\"og:image:height\" content=\"160\" \/>\n\t<meta property=\"og:image:type\" content=\"image\/png\" \/>\n<meta name=\"twitter:card\" content=\"summary_large_image\" \/>\n<meta name=\"twitter:label1\" content=\"Est. reading time\" \/>\n\t<meta name=\"twitter:data1\" content=\"6 minutes\" \/>\n<script type=\"application\/ld+json\" class=\"yoast-schema-graph\">{\"@context\":\"https:\/\/schema.org\",\"@graph\":[{\"@type\":\"WebPage\",\"@id\":\"https:\/\/bpsgroup.sk\/en\/cookie-policy\/\",\"url\":\"https:\/\/bpsgroup.sk\/en\/cookie-policy\/\",\"name\":\"COOKIE POLICY | BPS\",\"isPartOf\":{\"@id\":\"https:\/\/bpsgroup.sk\/#website\"},\"datePublished\":\"2021-03-16T15:34:43+00:00\",\"dateModified\":\"2021-06-09T12:24:58+00:00\",\"inLanguage\":\"en-US\",\"potentialAction\":[{\"@type\":\"ReadAction\",\"target\":[\"https:\/\/bpsgroup.sk\/en\/cookie-policy\/\"]}]},{\"@type\":\"WebSite\",\"@id\":\"https:\/\/bpsgroup.sk\/#website\",\"url\":\"https:\/\/bpsgroup.sk\/\",\"name\":\"BPS\",\"description\":\"\",\"potentialAction\":[{\"@type\":\"SearchAction\",\"target\":{\"@type\":\"EntryPoint\",\"urlTemplate\":\"https:\/\/bpsgroup.sk\/?s={search_term_string}\"},\"query-input\":\"required name=search_term_string\"}],\"inLanguage\":\"en-US\"}]}<\/script>\n<!-- \/ Yoast SEO plugin. -->","yoast_head_json":{"title":"COOKIE POLICY | BPS","robots":{"index":"index","follow":"follow","max-snippet":"max-snippet:-1","max-image-preview":"max-image-preview:large","max-video-preview":"max-video-preview:-1"},"canonical":"https:\/\/bpsgroup.sk\/en\/cookie-policy\/","og_locale":"en_US","og_type":"article","og_title":"COOKIE POLICY | BPS","og_description":"Identification of controllers The companies BPS Audit, s.r.o., with its registered office at Plyn\u00e1rensk\u00e1 1, 821 09 Bratislava &#8211; Ru\u017einov, company number: 51\u00a0985\u00a0373, registered with the commercial register of the District CourtBratislava I, section: Sro, insert no. 132084\/B (hereinafter as \u201eBPS Audit, s.r.o.\u201c) and BPS Tax, s.r.o., with its registered office at Plyn\u00e1rensk\u00e1 1, 821 [&hellip;]","og_url":"https:\/\/bpsgroup.sk\/en\/cookie-policy\/","og_site_name":"BPS","article_modified_time":"2021-06-09T12:24:58+00:00","og_image":[{"width":389,"height":160,"url":"https:\/\/bpsgroup.sk\/wp-content\/uploads\/2020\/11\/uctovnici-e1605808376268.png","type":"image\/png"}],"twitter_card":"summary_large_image","twitter_misc":{"Est. reading time":"6 minutes"},"schema":{"@context":"https:\/\/schema.org","@graph":[{"@type":"WebPage","@id":"https:\/\/bpsgroup.sk\/en\/cookie-policy\/","url":"https:\/\/bpsgroup.sk\/en\/cookie-policy\/","name":"COOKIE POLICY | BPS","isPartOf":{"@id":"https:\/\/bpsgroup.sk\/#website"},"datePublished":"2021-03-16T15:34:43+00:00","dateModified":"2021-06-09T12:24:58+00:00","inLanguage":"en-US","potentialAction":[{"@type":"ReadAction","target":["https:\/\/bpsgroup.sk\/en\/cookie-policy\/"]}]},{"@type":"WebSite","@id":"https:\/\/bpsgroup.sk\/#website","url":"https:\/\/bpsgroup.sk\/","name":"BPS","description":"","potentialAction":[{"@type":"SearchAction","target":{"@type":"EntryPoint","urlTemplate":"https:\/\/bpsgroup.sk\/?s={search_term_string}"},"query-input":"required name=search_term_string"}],"inLanguage":"en-US"}]}},"_links":{"self":[{"href":"https:\/\/bpsgroup.sk\/en\/wp-json\/wp\/v2\/pages\/466"}],"collection":[{"href":"https:\/\/bpsgroup.sk\/en\/wp-json\/wp\/v2\/pages"}],"about":[{"href":"https:\/\/bpsgroup.sk\/en\/wp-json\/wp\/v2\/types\/page"}],"author":[{"embeddable":true,"href":"https:\/\/bpsgroup.sk\/en\/wp-json\/wp\/v2\/users\/1"}],"replies":[{"embeddable":true,"href":"https:\/\/bpsgroup.sk\/en\/wp-json\/wp\/v2\/comments?post=466"}],"version-history":[{"count":3,"href":"https:\/\/bpsgroup.sk\/en\/wp-json\/wp\/v2\/pages\/466\/revisions"}],"predecessor-version":[{"id":751,"href":"https:\/\/bpsgroup.sk\/en\/wp-json\/wp\/v2\/pages\/466\/revisions\/751"}],"wp:attachment":[{"href":"https:\/\/bpsgroup.sk\/en\/wp-json\/wp\/v2\/media?parent=466"}],"curies":[{"name":"wp","href":"https:\/\/api.w.org\/{rel}","templated":true}]}}